{"id":15,"date":"2016-11-26T00:07:35","date_gmt":"2016-11-25T23:07:35","guid":{"rendered":"http:\/\/reha-ort.pl\/wozek_shuttlediscovery\/?page_id=15"},"modified":"2016-12-05T17:27:26","modified_gmt":"2016-12-05T16:27:26","slug":"kontakt","status":"publish","type":"page","link":"https:\/\/www.reha-ort.pl\/wozek_shuttlediscovery\/kontakt\/","title":{"rendered":"KONTAKT"},"content":{"rendered":"<p style=\"text-align: center;\"><img loading=\"lazy\" decoding=\"async\" class=\"alignnone size-medium wp-image-25\" src=\"http:\/\/reha-ort.pl\/wozek_shuttlediscovery\/wp-content\/uploads\/2016\/11\/cropped-reha-ort-logo-1-300x300.png\" alt=\"cropped-reha-ort-logo-1.png\" width=\"300\" height=\"300\" srcset=\"https:\/\/www.reha-ort.pl\/wozek_shuttlediscovery\/wp-content\/uploads\/2016\/11\/cropped-reha-ort-logo-1-300x300.png 300w, https:\/\/www.reha-ort.pl\/wozek_shuttlediscovery\/wp-content\/uploads\/2016\/11\/cropped-reha-ort-logo-1-150x150.png 150w, https:\/\/www.reha-ort.pl\/wozek_shuttlediscovery\/wp-content\/uploads\/2016\/11\/cropped-reha-ort-logo-1-270x270.png 270w, https:\/\/www.reha-ort.pl\/wozek_shuttlediscovery\/wp-content\/uploads\/2016\/11\/cropped-reha-ort-logo-1-192x192.png 192w, https:\/\/www.reha-ort.pl\/wozek_shuttlediscovery\/wp-content\/uploads\/2016\/11\/cropped-reha-ort-logo-1-180x180.png 180w, https:\/\/www.reha-ort.pl\/wozek_shuttlediscovery\/wp-content\/uploads\/2016\/11\/cropped-reha-ort-logo-1-32x32.png 32w, https:\/\/www.reha-ort.pl\/wozek_shuttlediscovery\/wp-content\/uploads\/2016\/11\/cropped-reha-ort-logo-1.png 512w\" sizes=\"(max-width: 300px) 100vw, 300px\" \/><\/p>\n<h4 style=\"text-align: center;\">Masz pytanie, chcesz um\u00f3wi\u0107 si\u0119 na bezp\u0142atn\u0105 przymiark\u0119. Zapraszamy do kontaktu z nami.<\/h4>\n<p>&nbsp;<\/p>\n<h4 style=\"text-align: center;\">WY\u0141\u0104CZNY DYSTRYBUTOR W POLSCE<br \/>\nREHA-ORT s.c.<br \/>\nKrzysztof Przybylski, Rados\u0142aw Bojko<br \/>\nul. Grudzi\u0144skich 8 77-400 Z\u0142ot\u00f3w<br \/>\ntel. 602 779 704<\/h4>\n<h4 style=\"text-align: center;\">e-mail: <a href=\"mailto:sklep@reha-ort.pl\">sklep@reha-ort.pl<\/a><br \/>\nwww.reha-ort.pl<br \/>\nNIP: 767-166-38-89<\/h4>\n<p>&nbsp;<\/p>\n        <script type=\"text\/javascript\">\n         function cp_contactformtoemail_pform_doValidate_1(form)\n         {\n            document.cp_contactformtoemail_pform_1.cp_ref_page.value = document.location;\n            $dexQuery = jQuery.noConflict();            if (document.cp_contactformtoemail_pform_1.hdcaptcha_cp_contactformtoemail_post.value == '') { setTimeout( \"cp_contactformtoemail_cerror_1()\", 100); return false; }\n            var result = $dexQuery.ajax({ type: \"GET\", url: \"\/wozek_shuttlediscovery?ps=_1&cp_contactformtoemail_pform_process=2&cp_contactformtoemail_id=1&inAdmin=1&ps=_1&hdcaptcha_cp_contactformtoemail_post=\"+document.cp_contactformtoemail_pform_1.hdcaptcha_cp_contactformtoemail_post.value, async: false }).responseText;\n            if (result.indexOf(\"captchafailed\") != -1) {\n                $dexQuery(\"#captchaimg_1\").attr('src', $dexQuery(\"#captchaimg_1\").attr('src')+'&'+Math.floor((Math.random() * 99999) + 1));\n                setTimeout( \"cp_contactformtoemail_cerror_1()\", 100);\n                return false;\n            } else             {\n                var cpefb_error = 0;\n                $dexQuery(\"#cp_contactformtoemail_pform_1\").find(\".cpefb_error\").each(function(index){\n                    if ($dexQuery(this).css(\"display\")!=\"none\")\n                        cpefb_error++;\n                    });\n                if (cpefb_error) return false;\n                if (document.cp_contactformtoemail_pform_1.cp_contactformtoemail_pform_status.value != '0')\n                           return false;\n                document.getElementById(\"refpage_1\").value = document.location;\n                cfte_blink(\".pbSubmit\");\n                document.cp_contactformtoemail_pform_1.cp_contactformtoemail_pform_status.value = '2';document.cp_contactformtoemail_pform_1.cp_contactformtoemail_pform_status.value = '1';\n                       $dexQuery.ajax({\n                         type: \"POST\",\n                         url: '',\n                         data: $dexQuery(\"#cp_contactformtoemail_pform_1\").serialize(),\n                         success: function(data)\n                         {\n                             document.cp_contactformtoemail_pform_1.cp_contactformtoemail_pform_status.value = '0';\n                                                              document.getElementById('cp_contactformtoemail_pform_1').innerHTML ='<a id=\"cftejump\"><\/a>Your message has been successfully sent.';\n                                 var tag = $dexQuery(\"#cftejump\");\n                                 $dexQuery('html,body').animate({scrollTop: tag.offset().top-60},'fast');\n                                                        }\n                       });\n                       return false;\n                                }\n         }\n         function cfte_blink(selector){\n                 try {\n                     $dexQuery = jQuery.noConflict();\n                     $dexQuery(selector).fadeOut(700, function(){\n                         $dexQuery(this).fadeIn(700, function(){\n                             try {\n                                 if (document.cp_contactformtoemail_pform_1.cp_contactformtoemail_pform_status.value != '0')\n                                     cfte_blink(this);\n                             } catch (e) {}\n                         });\n                     });\n                 } catch (e) {}\n         }\n         function cp_contactformtoemail_cerror_1(){$dexQuery = jQuery.noConflict();$dexQuery(\"#hdcaptcha_error_1\").css('top',$dexQuery(\"#hdcaptcha_cp_contactformtoemail_post_1\").outerHeight());$dexQuery(\"#hdcaptcha_error_1\").css(\"display\",\"inline\");}\n        <\/script>\n        <div id=\"cftedialog\" style=\"display:none;\">Thank you.<\/div>\n        <form class=\"cpp_form\" name=\"cp_contactformtoemail_pform_1\" id=\"cp_contactformtoemail_pform_1\" action=\"\" method=\"post\" enctype=\"multipart\/form-data\" onsubmit=\"return cp_contactformtoemail_pform_doValidate_1(this);\"><input type=\"hidden\" name=\"cp_pform_psequence\" value=\"_1\" \/><input type=\"hidden\" name=\"cp_contactformtoemail_pform_process\" value=\"1\" \/><input type=\"hidden\" name=\"cp_contactformtoemail_id\" value=\"1\" \/><input type=\"hidden\" name=\"cp_ref_page\" value=\"\" \/><input type=\"hidden\" name=\"form_structure_1\" id=\"form_structure_1\" size=\"180\" value=\"[[{&quot;name&quot;:&quot;fieldname1&quot;,&quot;index&quot;:0,&quot;title&quot;:&quot;Imi\\u0119&quot;,&quot;shortlabel&quot;:&quot;&quot;,&quot;ftype&quot;:&quot;ftext&quot;,&quot;userhelp&quot;:&quot;&quot;,&quot;userhelpTooltip&quot;:&quot;&quot;,&quot;csslayout&quot;:&quot;&quot;,&quot;predefined&quot;:&quot;&quot;,&quot;predefinedClick&quot;:false,&quot;required&quot;:false,&quot;size&quot;:&quot;medium&quot;,&quot;minlength&quot;:&quot;&quot;,&quot;maxlength&quot;:&quot;&quot;,&quot;equalTo&quot;:&quot;&quot;},{&quot;name&quot;:&quot;subject&quot;,&quot;index&quot;:1,&quot;title&quot;:&quot;Nazwisko&quot;,&quot;required&quot;:true,&quot;ftype&quot;:&quot;ftext&quot;,&quot;userhelp&quot;:&quot;&quot;,&quot;csslayout&quot;:&quot;&quot;,&quot;predefined&quot;:&quot;&quot;,&quot;size&quot;:&quot;medium&quot;,&quot;shortlabel&quot;:&quot;&quot;,&quot;userhelpTooltip&quot;:&quot;&quot;,&quot;predefinedClick&quot;:false,&quot;minlength&quot;:&quot;&quot;,&quot;maxlength&quot;:&quot;&quot;,&quot;equalTo&quot;:&quot;&quot;},{&quot;name&quot;:&quot;email&quot;,&quot;index&quot;:2,&quot;title&quot;:&quot;E-mail&quot;,&quot;ftype&quot;:&quot;femail&quot;,&quot;userhelp&quot;:&quot;&quot;,&quot;csslayout&quot;:&quot;&quot;,&quot;required&quot;:true,&quot;predefined&quot;:&quot;&quot;,&quot;size&quot;:&quot;medium&quot;,&quot;shortlabel&quot;:&quot;&quot;,&quot;userhelpTooltip&quot;:&quot;&quot;,&quot;predefinedClick&quot;:false,&quot;equalTo&quot;:&quot;&quot;},{&quot;name&quot;:&quot;fieldname2&quot;,&quot;index&quot;:3,&quot;title&quot;:&quot;Numer  telefonu&quot;,&quot;shortlabel&quot;:&quot;&quot;,&quot;ftype&quot;:&quot;ftext&quot;,&quot;userhelp&quot;:&quot;&quot;,&quot;userhelpTooltip&quot;:&quot;&quot;,&quot;csslayout&quot;:&quot;&quot;,&quot;predefined&quot;:&quot;&quot;,&quot;predefinedClick&quot;:false,&quot;required&quot;:false,&quot;size&quot;:&quot;medium&quot;,&quot;minlength&quot;:&quot;&quot;,&quot;maxlength&quot;:&quot;&quot;,&quot;equalTo&quot;:&quot;&quot;},{&quot;name&quot;:&quot;message&quot;,&quot;index&quot;:4,&quot;size&quot;:&quot;large&quot;,&quot;required&quot;:true,&quot;title&quot;:&quot;Tre\\u015b\\u0107 wiadomo\\u015bci&quot;,&quot;ftype&quot;:&quot;ftextarea&quot;,&quot;userhelp&quot;:&quot;&quot;,&quot;csslayout&quot;:&quot;&quot;,&quot;predefined&quot;:&quot;&quot;,&quot;shortlabel&quot;:&quot;&quot;,&quot;userhelpTooltip&quot;:&quot;&quot;,&quot;predefinedClick&quot;:false,&quot;minlength&quot;:&quot;&quot;,&quot;maxlength&quot;:&quot;&quot;}],[{&quot;title&quot;:&quot;Napisz do nas&quot;,&quot;description&quot;:&quot;&quot;,&quot;formlayout&quot;:&quot;top_aligned&quot;}]]\" \/><input type=\"hidden\" name=\"refpage_1\" id=\"refpage_1\" value=\"\"><input type=\"hidden\" name=\"cp_contactformtoemail_pform_status\" value=\"0\" \/><input name=\"anonce\" type=\"hidden\" value=\"9323d187c9\"\/><input name=\"cftehp\" id=\"cftehp_1\" type=\"hidden\" value=\"1\"\/>\r\n<div id=\"fbuilder\">    \r\n    <div id=\"fbuilder_1\">\r\n        <div id=\"formheader_1\"><\/div>\r\n        <div id=\"fieldlist_1\"><\/div>\r\n    <\/div>\r\n<\/div>    \r\n<div style=\"display:none\">\r\n<input name=\"cftecontrolmessage\" type=\"text\" value=\"\"\/> \r\n<div id=\"cpcaptchalayer_1\" class=\"cpcaptchalayer\">\r\n  kod bezpiecze\u0144stwa:<br \/>\r\n  <img decoding=\"async\" src=\"\/wozek_shuttlediscovery?cp_contactformtoemail_captcha=captcha&ps=_1&inAdmin=1&width=200&height=65&letter_count=4&min_size=25&max_size=30&noise=190&noiselength=4&bcolor=ffffff&border=000000&font=font-4.ttf\"  id=\"captchaimg_1\" alt=\"security code\" border=\"0\" class=\"skip-lazy\"  \/>\r\n  <br \/>Prosz\u0119 wpisa\u0107 kod zabezpieczaj\u0105cy:<br \/>\r\n  <div class=\"dfield\"><input type=\"text\" size=\"20\" name=\"hdcaptcha_cp_contactformtoemail_post\" id=\"hdcaptcha_cp_contactformtoemail_post_1\" value=\"\" \/>\r\n  <div class=\"cpefb_error message\" id=\"hdcaptcha_error_1\" generated=\"true\" style=\"display:none;position: absolute; left: 0px; top: 25px;\">Prosz\u0119 podaj kod zabezpieczaj\u0105cy<\/div>\r\n  <\/div><br \/>  \r\n<\/div>\r\n<\/div>\r\n<div id=\"cp_subbtn_1\" class=\"cp_subbtn\">Wy\u015blij<\/div>\r\n<\/form>\r\n<script>\r\ntry{document.getElementById(\"cftehp_1\").value=\"25\";}catch(e){}\r\n<\/script>\r\n\n","protected":false},"excerpt":{"rendered":"<p>Masz pytanie, chcesz um\u00f3wi\u0107 si\u0119 na bezp\u0142atn\u0105 przymiark\u0119. Zapraszamy do kontaktu z nami. &nbsp; WY\u0141\u0104CZNY DYSTRYBUTOR W POLSCE REHA-ORT s.c. Krzysztof Przybylski, Rados\u0142aw Bojko ul. Grudzi\u0144skich 8 77-400 Z\u0142ot\u00f3w tel. 602 779 704 e-mail: sklep@reha-ort.pl www.reha-ort.pl NIP: 767-166-38-89 &nbsp;<\/p>\n","protected":false},"author":1,"featured_media":0,"parent":0,"menu_order":0,"comment_status":"closed","ping_status":"closed","template":"","meta":{"footnotes":""},"class_list":["post-15","page","type-page","status-publish","hentry"],"_links":{"self":[{"href":"https:\/\/www.reha-ort.pl\/wozek_shuttlediscovery\/wp-json\/wp\/v2\/pages\/15"}],"collection":[{"href":"https:\/\/www.reha-ort.pl\/wozek_shuttlediscovery\/wp-json\/wp\/v2\/pages"}],"about":[{"href":"https:\/\/www.reha-ort.pl\/wozek_shuttlediscovery\/wp-json\/wp\/v2\/types\/page"}],"author":[{"embeddable":true,"href":"https:\/\/www.reha-ort.pl\/wozek_shuttlediscovery\/wp-json\/wp\/v2\/users\/1"}],"replies":[{"embeddable":true,"href":"https:\/\/www.reha-ort.pl\/wozek_shuttlediscovery\/wp-json\/wp\/v2\/comments?post=15"}],"version-history":[{"count":11,"href":"https:\/\/www.reha-ort.pl\/wozek_shuttlediscovery\/wp-json\/wp\/v2\/pages\/15\/revisions"}],"predecessor-version":[{"id":146,"href":"https:\/\/www.reha-ort.pl\/wozek_shuttlediscovery\/wp-json\/wp\/v2\/pages\/15\/revisions\/146"}],"wp:attachment":[{"href":"https:\/\/www.reha-ort.pl\/wozek_shuttlediscovery\/wp-json\/wp\/v2\/media?parent=15"}],"curies":[{"name":"wp","href":"https:\/\/api.w.org\/{rel}","templated":true}]}}